{"id":4284,"date":"2020-05-22T15:27:02","date_gmt":"2020-05-22T14:27:02","guid":{"rendered":"https:\/\/www.gaidhlig-nan-og.scot\/bhidiothan-2\/"},"modified":"2020-05-29T09:30:05","modified_gmt":"2020-05-29T08:30:05","slug":"videos","status":"publish","type":"page","link":"https:\/\/www.gaidhlig-nan-og.scot\/en\/videos\/","title":{"rendered":"Videos"},"content":{"rendered":"<!--themify_builder_content-->\n<div id=\"themify_builder_content-4284\" data-postid=\"4284\" class=\"themify_builder_content themify_builder_content-4284 themify_builder tf_clear\">\n                    <div  data-css_id=\"ksdf209\" data-lazy=\"1\" class=\"module_row themify_builder_row fullwidth tb_ksdf209 tb_first tf_w\">\n            <span class=\"tb_row_frame_wrap tf_overflow tf_abs\" data-lazy=\"1\"><span class=\"tb_row_frame tb_row_frame_bottom  tf_abs tf_hide tf_overflow tf_w\"><\/span><\/span>            <div class=\"row_inner col_align_top tb_col_count_1 tf_box tf_rel\">\n                        <div  data-lazy=\"1\" class=\"module_column tb-column col-full tb_6nyl210 first\">\n                    <!-- module text -->\n<div  class=\"module module-text tb_ukuk211  repeat \" data-lazy=\"1\">\n        <div  class=\"tb_text_wrap\">\n        <h1>Videos<\/h1>    <\/div>\n<\/div>\n<!-- \/module text -->        <\/div>\n                        <\/div>\n        <\/div>\n                        <div  data-lazy=\"1\" class=\"module_row themify_builder_row tb_fyxc209 tf_w\">\n                        <div class=\"row_inner col_align_top tb_col_count_1 tf_box tf_rel\">\n                        <div  data-lazy=\"1\" class=\"module_column tb-column col-full tb_mo34212 first\">\n                    <!-- module image -->\n<div  class=\"module module-image tb_kucc213 image-center   tf_mw\" data-lazy=\"1\">\n        <div class=\"image-wrap tf_rel tf_mw\">\n            <img decoding=\"async\" src=\"https:\/\/www.gaidhlig-nan-og.scot\/wp-content\/uploads\/2020\/03\/kids-filmakers.svg\" class=\"wp-post-image wp-image-3655\" title=\"kids-filmakers\" alt=\"Kids - Film makers\">    \n        <\/div>\n    <!-- \/image-wrap -->\n    \n        <\/div>\n<!-- \/module image -->        <\/div>\n                        <\/div>\n        <\/div>\n                        <div  data-lazy=\"1\" class=\"module_row themify_builder_row tb_0nv7209 tf_w\">\n                        <div class=\"row_inner col_align_top tb_col_count_1 tf_box tf_rel\">\n                        <div  data-lazy=\"1\" class=\"module_column tb-column col-full tb_2v34213 first\">\n                    <!-- module text -->\n<div  class=\"module module-text tb_wyvv214   \" data-lazy=\"1\">\n        <div  class=\"tb_text_wrap\">\n        <p>If you cannot access videos hosted on Vimeo.com, copies are available here.<\/p>    <\/div>\n<\/div>\n<!-- \/module text -->        <\/div>\n                        <\/div>\n        <\/div>\n                        <div  data-css_id=\"hx4o209\" data-lazy=\"1\" class=\"module_row themify_builder_row fullwidth_row_container tb_hx4o209 tf_w\">\n                        <div class=\"row_inner col_align_top tb_col_count_3 tf_box tf_rel\">\n                        <div  data-lazy=\"1\" class=\"module_column tb-column col3-1 tb_fgde220 first\">\n                    <!-- module plain text -->\n<div  class=\"module module-plain-text tb_vb7y239 \" data-lazy=\"1\">\n        <div class=\"tb_text_wrap\">\n    <script type=\"text\/javascript\">\njQuery(function($){\n $(document).ready(function(){\n    \n  $('#player1').flatie({\n\tmedia: {\n\ttitle: \"Seo mi an-dr\u00e0sta\",\n\tm4v: \"https:\/\/bhidiothan.gaidhlig-nan-og.scot\/Seo-mi-an-drasta.mp4\",\n\tposter: \"\/wp-content\/themes\/jplayer\/posters\/seo-mi-an-drasta.png\"\n    },\n    solution: 'html, flash'\n  });\n\n\n\n  });\n});\n<\/script>\n<div id=\"player1\" class=\"jPlayer\"><\/div>    <\/div>\n<\/div>\n<!-- \/module plain text --><!-- module plain text -->\n<div  class=\"module module-plain-text tb_4ys5462 \" data-lazy=\"1\">\n        <div class=\"tb_text_wrap\">\n    <h1>Seo mi an-dr\u00e0sta<\/h1>    <\/div>\n<\/div>\n<!-- \/module plain text -->        <\/div>\n                    <div  data-lazy=\"1\" class=\"module_column tb-column col3-1 tb_hunp221\">\n                    <!-- module plain text -->\n<div  class=\"module module-plain-text tb_6wib699 \" data-lazy=\"1\">\n        <div class=\"tb_text_wrap\">\n    <script type=\"text\/javascript\">\njQuery(function($){\n $(document).ready(function(){\n    \n  $('#player2').flatie({\n\tmedia: {\n\ttitle: \"H\u00f2 Ro An t-S\u00ecde Cabag\",\n\tm4v: \"https:\/\/bhidiothan.gaidhlig-nan-og.scot\/Ho-Ro-An-t-Side-Cabag.mp4\",\n\tposter: \"\/wp-content\/themes\/jplayer\/posters\/ho-ro-an-t-side-cabag.png\"\n    },\n    solution: 'html, flash'\n  });\n\n\n\n  });\n});\n<\/script>\n<div id=\"player2\" class=\"jPlayer\"><\/div>    <\/div>\n<\/div>\n<!-- \/module plain text --><!-- module plain text -->\n<div  class=\"module module-plain-text tb_zdlr573 \" data-lazy=\"1\">\n        <div class=\"tb_text_wrap\">\n    <h1>H\u00f2 Ro An t-S\u00ecde Cabag<\/h1>    <\/div>\n<\/div>\n<!-- \/module plain text -->        <\/div>\n                    <div  data-lazy=\"1\" class=\"module_column tb-column col3-1 tb_varx222 last\">\n                    <!-- module plain text -->\n<div  class=\"module module-plain-text tb_i1w0902 \" data-lazy=\"1\">\n        <div class=\"tb_text_wrap\">\n    <script type=\"text\/javascript\">\njQuery(function($){\n $(document).ready(function(){\n    \n  $('#player3').flatie({\n\tmedia: {\n\ttitle: \"Guthan nam Beathaichean\",\n\tm4v: \"https:\/\/bhidiothan.gaidhlig-nan-og.scot\/Guthan-nam-Beathaichean.mp4\",\n\tposter: \"\/wp-content\/themes\/jplayer\/posters\/guthan-nam-beathaichean.png\"\n    },\n    solution: 'html, flash'\n  });\n\n\n\n  });\n});\n<\/script>\n<div id=\"player3\" class=\"jPlayer\"><\/div>    <\/div>\n<\/div>\n<!-- \/module plain text --><!-- module plain text -->\n<div  class=\"module module-plain-text tb_srug902 \" data-lazy=\"1\">\n        <div class=\"tb_text_wrap\">\n    <h1>Guthan nam Beathaichean<\/h1>    <\/div>\n<\/div>\n<!-- \/module plain text -->        <\/div>\n                        <\/div>\n        <\/div>\n                        <div  data-css_id=\"q86f807\" data-lazy=\"1\" class=\"module_row themify_builder_row fullwidth_row_container tb_q86f807 tf_w\">\n                        <div class=\"row_inner col_align_top tb_col_count_3 tf_box tf_rel\">\n                        <div  data-lazy=\"1\" class=\"module_column tb-column col3-1 tb_r5cf807 first\">\n                    <!-- module plain text -->\n<div  class=\"module module-plain-text tb_h6sc807 \" data-lazy=\"1\">\n        <div class=\"tb_text_wrap\">\n    <script type=\"text\/javascript\">\njQuery(function($){\n $(document).ready(function(){\n    \n  $('#player4').flatie({\n\tmedia: {\n\ttitle: \"C\u00f2ig Caraidean\",\n\tm4v: \"https:\/\/bhidiothan.gaidhlig-nan-og.scot\/Coig-Caraidean.mp4\",\n\tposter: \"\/wp-content\/themes\/jplayer\/posters\/coig-caraidean.png\"\n    },\n    solution: 'html, flash'\n  });\n\n\n\n  });\n});\n<\/script>\n<div id=\"player4\" class=\"jPlayer\"><\/div>    <\/div>\n<\/div>\n<!-- \/module plain text --><!-- module plain text -->\n<div  class=\"module module-plain-text tb_s13r808 \" data-lazy=\"1\">\n        <div class=\"tb_text_wrap\">\n    <h1>C\u00f2ig Caraidean<\/h1>    <\/div>\n<\/div>\n<!-- \/module plain text -->        <\/div>\n                    <div  data-lazy=\"1\" class=\"module_column tb-column col3-1 tb_63ew808\">\n                    <!-- module plain text -->\n<div  class=\"module module-plain-text tb_k94k808 \" data-lazy=\"1\">\n        <div class=\"tb_text_wrap\">\n    <script type=\"text\/javascript\">\njQuery(function($){\n $(document).ready(function(){\n    \n  $('#player5').flatie({\n\tmedia: {\n\ttitle: \"Poili, cuir an coire air\",\n\tm4v: \"https:\/\/bhidiothan.gaidhlig-nan-og.scot\/Poili-cuir-an-coire-air.mp4\",\n\tposter: \"\/wp-content\/themes\/jplayer\/posters\/poili-cuir-an-coire-air.png\"\n    },\n    solution: 'html, flash'\n  });\n\n\n\n  });\n});\n<\/script>\n<div id=\"player5\" class=\"jPlayer\"><\/div>    <\/div>\n<\/div>\n<!-- \/module plain text --><!-- module plain text -->\n<div  class=\"module module-plain-text tb_hciv808 \" data-lazy=\"1\">\n        <div class=\"tb_text_wrap\">\n    <h1>Poili, cuir an coire air<\/h1>    <\/div>\n<\/div>\n<!-- \/module plain text -->        <\/div>\n                    <div  data-lazy=\"1\" class=\"module_column tb-column col3-1 tb_qryn808 last\">\n                    <!-- module plain text -->\n<div  class=\"module module-plain-text tb_6xl1808 \" data-lazy=\"1\">\n        <div class=\"tb_text_wrap\">\n    <script type=\"text\/javascript\">\njQuery(function($){\n $(document).ready(function(){\n    \n  $('#player6').flatie({\n\tmedia: {\n\ttitle: \"Cuiridh Sinn Oirnn B\u00f2tannan Cabag\",\n\tm4v: \"https:\/\/bhidiothan.gaidhlig-nan-og.scot\/Cuiridh-Sinn-Oirnn-Botannan-Cabag.mp4\",\n\tposter: \"\/wp-content\/themes\/jplayer\/posters\/cuiridh-sinn-oirnn-botannan-cabag.png\"\n    },\n    solution: 'html, flash'\n  });\n\n\n\n  });\n});\n<\/script>\n<div id=\"player6\" class=\"jPlayer\"><\/div>    <\/div>\n<\/div>\n<!-- \/module plain text --><!-- module plain text -->\n<div  class=\"module module-plain-text tb_49y3809 \" data-lazy=\"1\">\n        <div class=\"tb_text_wrap\">\n    <h1>Cuiridh Sinn Oirnn B\u00f2tannan Cabag<\/h1>    <\/div>\n<\/div>\n<!-- \/module plain text -->        <\/div>\n                        <\/div>\n        <\/div>\n                        <div  data-css_id=\"xqwg964\" data-lazy=\"1\" class=\"module_row themify_builder_row fullwidth_row_container tb_xqwg964 tf_w\">\n                        <div class=\"row_inner col_align_top tb_col_count_3 tf_box tf_rel\">\n                        <div  data-lazy=\"1\" class=\"module_column tb-column col3-1 tb_lesp964 first\">\n                    <!-- module plain text -->\n<div  class=\"module module-plain-text tb_to0p964 \" data-lazy=\"1\">\n        <div class=\"tb_text_wrap\">\n    <script type=\"text\/javascript\">\njQuery(function($){\n $(document).ready(function(){\n    \n  $('#player7').flatie({\n\tmedia: {\n\ttitle: \"D\u00e0 Eun Bheag\",\n\tm4v: \"https:\/\/bhidiothan.gaidhlig-nan-og.scot\/Da-Eun-Bheag.mp4\",\n\tposter: \"\/wp-content\/themes\/jplayer\/posters\/da-eun-bheag.png\"\n    },\n    solution: 'html, flash'\n  });\n\n\n\n  });\n});\n<\/script>\n<div id=\"player7\" class=\"jPlayer\"><\/div>    <\/div>\n<\/div>\n<!-- \/module plain text --><!-- module plain text -->\n<div  class=\"module module-plain-text tb_eru1965 \" data-lazy=\"1\">\n        <div class=\"tb_text_wrap\">\n    <h1>D\u00e0 Eun Bheag<\/h1>    <\/div>\n<\/div>\n<!-- \/module plain text -->        <\/div>\n                    <div  data-lazy=\"1\" class=\"module_column tb-column col3-1 tb_daaq965\">\n                    <!-- module plain text -->\n<div  class=\"module module-plain-text tb_0ph8965 \" data-lazy=\"1\">\n        <div class=\"tb_text_wrap\">\n    <script type=\"text\/javascript\">\njQuery(function($){\n $(document).ready(function(){\n    \n  $('#player8').flatie({\n\tmedia: {\n\ttitle: \"Mu Thimcheall, Mu Thimcheall\",\n\tm4v: \"https:\/\/bhidiothan.gaidhlig-nan-og.scot\/Mu-Thimcheall-Mu-Thimcheall.mp4\",\n\tposter: \"\/wp-content\/themes\/jplayer\/posters\/mu-thimcheall-mu-thimcheall.png\"\n    },\n    solution: 'html, flash'\n  });\n\n\n\n  });\n});\n<\/script>\n<div id=\"player8\" class=\"jPlayer\"><\/div>    <\/div>\n<\/div>\n<!-- \/module plain text --><!-- module plain text -->\n<div  class=\"module module-plain-text tb_hvdo965 \" data-lazy=\"1\">\n        <div class=\"tb_text_wrap\">\n    <h1>Mu Thimcheall, Mu Thimcheall<\/h1>    <\/div>\n<\/div>\n<!-- \/module plain text -->        <\/div>\n                    <div  data-lazy=\"1\" class=\"module_column tb-column col3-1 tb_fv7x965 last\">\n                    <!-- module plain text -->\n<div  class=\"module module-plain-text tb_uf8g965 \" data-lazy=\"1\">\n        <div class=\"tb_text_wrap\">\n    <script type=\"text\/javascript\">\njQuery(function($){\n $(document).ready(function(){\n    \n  $('#player9').flatie({\n\tmedia: {\n\ttitle: \"Muncaidh, Muncaidh\",\n\tm4v: \"https:\/\/bhidiothan.gaidhlig-nan-og.scot\/Muncaidh-Muncaidh.mp4\",\n\tposter: \"\/wp-content\/themes\/jplayer\/posters\/muncaidh-muncaidh.png\"\n    },\n    solution: 'html, flash'\n  });\n\n\n\n  });\n});\n<\/script>\n<div id=\"player9\" class=\"jPlayer\"><\/div>    <\/div>\n<\/div>\n<!-- \/module plain text --><!-- module plain text -->\n<div  class=\"module module-plain-text tb_3noe965 \" data-lazy=\"1\">\n        <div class=\"tb_text_wrap\">\n    <h1>Muncaidh, Muncaidh<\/h1>    <\/div>\n<\/div>\n<!-- \/module plain text -->        <\/div>\n                        <\/div>\n        <\/div>\n                        <div  data-css_id=\"vp5n67\" data-lazy=\"1\" class=\"module_row themify_builder_row fullwidth_row_container tb_vp5n67 tf_w\">\n                        <div class=\"row_inner col_align_top tb_col_count_3 tf_box tf_rel\">\n                        <div  data-lazy=\"1\" class=\"module_column tb-column col3-1 tb_vbvw67 first\">\n                    <!-- module plain text -->\n<div  class=\"module module-plain-text tb_ez2167 \" data-lazy=\"1\">\n        <div class=\"tb_text_wrap\">\n    <script type=\"text\/javascript\">\njQuery(function($){\n $(document).ready(function(){\n    \n  $('#player10').flatie({\n\tmedia: {\n\ttitle: \"R\u00f2laidh, P\u00f2laidh\",\n\tm4v: \"https:\/\/bhidiothan.gaidhlig-nan-og.scot\/Rolaidh-Polaidh.mp4\",\n\tposter: \"\/wp-content\/themes\/jplayer\/posters\/rolaidh-polaidh.png\"\n    },\n    solution: 'html, flash'\n  });\n\n\n\n  });\n});\n<\/script>\n<div id=\"player10\" class=\"jPlayer\"><\/div>    <\/div>\n<\/div>\n<!-- \/module plain text --><!-- module plain text -->\n<div  class=\"module module-plain-text tb_xr1p67 \" data-lazy=\"1\">\n        <div class=\"tb_text_wrap\">\n    <h1>R\u00f2laidh, P\u00f2laidh<\/h1>    <\/div>\n<\/div>\n<!-- \/module plain text -->        <\/div>\n                    <div  data-lazy=\"1\" class=\"module_column tb-column col3-1 tb_d57s68\">\n                    <!-- module plain text -->\n<div  class=\"module module-plain-text tb_duwn68 \" data-lazy=\"1\">\n        <div class=\"tb_text_wrap\">\n    <script type=\"text\/javascript\">\njQuery(function($){\n $(document).ready(function(){\n    \n  $('#player11').flatie({\n\tmedia: {\n\ttitle: \"Taigh beag le similear \u00e0rd\",\n\tm4v: \"https:\/\/bhidiothan.gaidhlig-nan-og.scot\/Taigh-beag-le-similear-ard.mp4\",\n\tposter: \"\/wp-content\/themes\/jplayer\/posters\/taigh-beag-le-similear-ard.png\"\n    },\n    solution: 'html, flash'\n  });\n\n\n\n  });\n});\n<\/script>\n<div id=\"player11\" class=\"jPlayer\"><\/div>    <\/div>\n<\/div>\n<!-- \/module plain text --><!-- module plain text -->\n<div  class=\"module module-plain-text tb_639p68 \" data-lazy=\"1\">\n        <div class=\"tb_text_wrap\">\n    <h1>Taigh beag le similear \u00e0rd<\/h1>    <\/div>\n<\/div>\n<!-- \/module plain text -->        <\/div>\n                    <div  data-lazy=\"1\" class=\"module_column tb-column col3-1 tb_2cwq68 last\">\n                    <!-- module plain text -->\n<div  class=\"module module-plain-text tb_2wp368 \" data-lazy=\"1\">\n        <div class=\"tb_text_wrap\">\n    <script type=\"text\/javascript\">\njQuery(function($){\n $(document).ready(function(){\n    \n  $('#player12').flatie({\n\tmedia: {\n\ttitle: \"Tunnagan Beaga\",\n\tm4v: \"https:\/\/bhidiothan.gaidhlig-nan-og.scot\/Tunnagan-Beaga.mp4\",\n\tposter: \"\/wp-content\/themes\/jplayer\/posters\/tunnagan-beaga.png\"\n    },\n    solution: 'html, flash'\n  });\n\n\n\n  });\n});\n<\/script>\n<div id=\"player12\" class=\"jPlayer\"><\/div>    <\/div>\n<\/div>\n<!-- \/module plain text --><!-- module plain text -->\n<div  class=\"module module-plain-text tb_nvvi68 \" data-lazy=\"1\">\n        <div class=\"tb_text_wrap\">\n    <h1>Tunnagan Beaga<\/h1>    <\/div>\n<\/div>\n<!-- \/module plain text -->        <\/div>\n                        <\/div>\n        <\/div>\n                        <div  data-css_id=\"z4rn591\" data-lazy=\"1\" class=\"module_row themify_builder_row fullwidth_row_container tb_z4rn591 tf_w\">\n                        <div class=\"row_inner col_align_top tb_col_count_3 tf_box tf_rel\">\n                        <div  data-lazy=\"1\" class=\"module_column tb-column col3-1 tb_ubtt592 first\">\n                    <!-- module plain text -->\n<div  class=\"module module-plain-text tb_rjfx592 \" data-lazy=\"1\">\n        <div class=\"tb_text_wrap\">\n    <script type=\"text\/javascript\">\njQuery(function($){\n $(document).ready(function(){\n    \n  $('#player13').flatie({\n\tmedia: {\n\ttitle: \"Tha Geansaidh Gorm air Calum\",\n\tm4v: \"https:\/\/bhidiothan.gaidhlig-nan-og.scot\/Tha-Geansaidh-Gorm-air-Calum.mp4\",\n\tposter: \"\/wp-content\/themes\/jplayer\/posters\/tha-geansaidh-gorm-air-calum.png\"\n    },\n    solution: 'html, flash'\n  });\n\n\n\n  });\n});\n<\/script>\n<div id=\"player13\" class=\"jPlayer\"><\/div>    <\/div>\n<\/div>\n<!-- \/module plain text --><!-- module plain text -->\n<div  class=\"module module-plain-text tb_f05n592 \" data-lazy=\"1\">\n        <div class=\"tb_text_wrap\">\n    <h1>Tha Geansaidh Gorm air Calum<\/h1>    <\/div>\n<\/div>\n<!-- \/module plain text -->        <\/div>\n                    <div  data-lazy=\"1\" class=\"module_column tb-column col3-1 tb_hbf9592\">\n                    <!-- module plain text -->\n<div  class=\"module module-plain-text tb_shxp592 \" data-lazy=\"1\">\n        <div class=\"tb_text_wrap\">\n    <script type=\"text\/javascript\">\njQuery(function($){\n $(document).ready(function(){\n    \n  $('#player14').flatie({\n\tmedia: {\n\ttitle: \"Uilleam Ordag\",\n\tm4v: \"https:\/\/bhidiothan.gaidhlig-nan-og.scot\/Uilleam-Ordag.mp4\",\n\tposter: \"\/wp-content\/themes\/jplayer\/posters\/uilleam-ordag.png\"\n    },\n    solution: 'html, flash'\n  });\n\n\n\n  });\n});\n<\/script>\n<div id=\"player14\" class=\"jPlayer\"><\/div>    <\/div>\n<\/div>\n<!-- \/module plain text --><!-- module plain text -->\n<div  class=\"module module-plain-text tb_q5t9593 \" data-lazy=\"1\">\n        <div class=\"tb_text_wrap\">\n    <h1>Uilleam Ordag<\/h1>    <\/div>\n<\/div>\n<!-- \/module plain text -->        <\/div>\n                    <div  data-lazy=\"1\" class=\"module_column tb-column col3-1 tb_seal593 last\">\n                            <\/div>\n                        <\/div>\n        <\/div>\n        <\/div>\n<!--\/themify_builder_content-->","protected":false},"excerpt":{"rendered":"<p>Videos If you cannot access videos hosted on Vimeo.com, copies are available here. Seo mi an-dr\u00e0sta H\u00f2 Ro An t-S\u00ecde Cabag Guthan nam Beathaichean C\u00f2ig Caraidean Poili, cuir an coire air Cuiridh Sinn Oirnn B\u00f2tannan Cabag D\u00e0 Eun Bheag Mu Thimcheall, Mu Thimcheall Muncaidh, Muncaidh R\u00f2laidh, P\u00f2laidh Taigh beag le similear \u00e0rd Tunnagan Beaga Tha [&hellip;]<\/p>\n","protected":false},"author":1,"featured_media":0,"parent":0,"menu_order":0,"comment_status":"closed","ping_status":"closed","template":"","meta":{"inline_featured_image":false,"footnotes":""},"class_list":["post-4284","page","type-page","status-publish","hentry","has-post-title","has-post-date","has-post-category","has-post-tag","has-post-comment","has-post-author",""],"jetpack_sharing_enabled":true,"builder_content":"<h1>Videos<\/h1>\n<img src=\"https:\/\/www.gaidhlig-nan-og.scot\/wp-content\/uploads\/2020\/03\/kids-filmakers.svg\" title=\"kids-filmakers\" alt=\"Kids - Film makers\">\n<p>If you cannot access videos hosted on Vimeo.com, copies are available here.<\/p>\n\n<h1>Seo mi an-dr\u00e0sta<\/h1>\n\n<h1>H\u00f2 Ro An t-S\u00ecde Cabag<\/h1>\n\n<h1>Guthan nam Beathaichean<\/h1>\n\n<h1>C\u00f2ig Caraidean<\/h1>\n\n<h1>Poili, cuir an coire air<\/h1>\n\n<h1>Cuiridh Sinn Oirnn B\u00f2tannan Cabag<\/h1>\n\n<h1>D\u00e0 Eun Bheag<\/h1>\n\n<h1>Mu Thimcheall, Mu Thimcheall<\/h1>\n\n<h1>Muncaidh, Muncaidh<\/h1>\n\n<h1>R\u00f2laidh, P\u00f2laidh<\/h1>\n\n<h1>Taigh beag le similear \u00e0rd<\/h1>\n\n<h1>Tunnagan Beaga<\/h1>\n\n<h1>Tha Geansaidh Gorm air Calum<\/h1>\n\n<h1>Uilleam Ordag<\/h1>","_links":{"self":[{"href":"https:\/\/www.gaidhlig-nan-og.scot\/en\/wp-json\/wp\/v2\/pages\/4284","targetHints":{"allow":["GET"]}}],"collection":[{"href":"https:\/\/www.gaidhlig-nan-og.scot\/en\/wp-json\/wp\/v2\/pages"}],"about":[{"href":"https:\/\/www.gaidhlig-nan-og.scot\/en\/wp-json\/wp\/v2\/types\/page"}],"author":[{"embeddable":true,"href":"https:\/\/www.gaidhlig-nan-og.scot\/en\/wp-json\/wp\/v2\/users\/1"}],"replies":[{"embeddable":true,"href":"https:\/\/www.gaidhlig-nan-og.scot\/en\/wp-json\/wp\/v2\/comments?post=4284"}],"version-history":[{"count":0,"href":"https:\/\/www.gaidhlig-nan-og.scot\/en\/wp-json\/wp\/v2\/pages\/4284\/revisions"}],"wp:attachment":[{"href":"https:\/\/www.gaidhlig-nan-og.scot\/en\/wp-json\/wp\/v2\/media?parent=4284"}],"curies":[{"name":"wp","href":"https:\/\/api.w.org\/{rel}","templated":true}]}}